{"id":3970,"date":"2022-06-29T13:24:16","date_gmt":"2022-06-29T13:24:16","guid":{"rendered":"https:\/\/ikincielesyaalis.com\/?page_id=3970"},"modified":"2022-06-29T13:28:48","modified_gmt":"2022-06-29T13:28:48","slug":"%d8%a7%d9%84%d8%b3%d9%84%d8%b9-%d8%a7%d9%84%d8%a5%d9%84%d9%83%d8%aa%d8%b1%d9%88%d9%86%d9%8a%d8%a9-%d8%a7%d9%84%d9%85%d8%b3%d8%aa%d8%b9%d9%85%d9%84%d8%a9","status":"publish","type":"page","link":"https:\/\/ikincielesyaalis.com\/ar\/%d8%a7%d9%84%d8%b3%d9%84%d8%b9-%d8%a7%d9%84%d8%a5%d9%84%d9%83%d8%aa%d8%b1%d9%88%d9%86%d9%8a%d8%a9-%d8%a7%d9%84%d9%85%d8%b3%d8%aa%d8%b9%d9%85%d9%84%d8%a9\/","title":{"rendered":"\u0627\u0644\u0633\u0644\u0639 \u0627\u0644\u0625\u0644\u0643\u062a\u0631\u0648\u0646\u064a\u0629 \u0627\u0644\u0645\u0633\u062a\u0639\u0645\u0644\u0629"},"content":{"rendered":"<div data-elementor-type=\"wp-page\" data-elementor-id=\"3970\" class=\"elementor elementor-3970\">\n\t\t\t\t\t\t<section class=\"elementor-section elementor-top-section elementor-element elementor-element-c75922b yazikapsa elementor-section-boxed elementor-section-height-default elementor-section-height-default\" data-id=\"c75922b\" data-element_type=\"section\">\n\t\t\t\t\t\t<div class=\"elementor-container elementor-column-gap-default\">\n\t\t\t\t\t<div class=\"elementor-column elementor-col-50 elementor-top-column elementor-element elementor-element-edcb28b\" data-id=\"edcb28b\" data-element_type=\"column\">\n\t\t\t<div class=\"elementor-widget-wrap elementor-element-populated\">\n\t\t\t\t\t\t<div class=\"elementor-element elementor-element-0998dd7 elementor-widget elementor-widget-text-editor\" data-id=\"0998dd7\" data-element_type=\"widget\" data-widget_type=\"text-editor.default\">\n\t\t\t\t<div class=\"elementor-widget-container\">\n\t\t\t<style>\/*! elementor - v3.21.0 - 26-05-2024 *\/\n.elementor-widget-text-editor.elementor-drop-cap-view-stacked .elementor-drop-cap{background-color:#69727d;color:#fff}.elementor-widget-text-editor.elementor-drop-cap-view-framed .elementor-drop-cap{color:#69727d;border:3px solid;background-color:transparent}.elementor-widget-text-editor:not(.elementor-drop-cap-view-default) .elementor-drop-cap{margin-top:8px}.elementor-widget-text-editor:not(.elementor-drop-cap-view-default) .elementor-drop-cap-letter{width:1em;height:1em}.elementor-widget-text-editor .elementor-drop-cap{float:left;text-align:center;line-height:1;font-size:50px}.elementor-widget-text-editor .elementor-drop-cap-letter{display:inline-block}<\/style>\t\t\t\t<p><img fetchpriority=\"high\" decoding=\"async\" class=\"alignnone wp-image-3973 size-full\" src=\"https:\/\/ikincielesyaalis.com\/wp-content\/uploads\/2022\/06\/ikinci-el-elektronik-esya.jpg\" alt=\"\u0627\u0644\u0633\u0644\u0639 \u0627\u0644\u0625\u0644\u0643\u062a\u0631\u0648\u0646\u064a\u0629 \u0627\u0644\u0645\u0633\u062a\u0639\u0645\u0644\u0629\" width=\"863\" height=\"350\" srcset=\"https:\/\/ikincielesyaalis.com\/wp-content\/uploads\/2022\/06\/ikinci-el-elektronik-esya.jpg 863w, https:\/\/ikincielesyaalis.com\/wp-content\/uploads\/2022\/06\/ikinci-el-elektronik-esya-300x122.jpg 300w, https:\/\/ikincielesyaalis.com\/wp-content\/uploads\/2022\/06\/ikinci-el-elektronik-esya-768x311.jpg 768w\" sizes=\"(max-width: 863px) 100vw, 863px\" \/><\/p><p>\u0641\u064a \u0634\u0631\u0627\u0621 \/ \u0628\u064a\u0639 \u0627\u0644\u0633\u0644\u0639 \u0627\u0644\u0625\u0644\u0643\u062a\u0631\u0648\u0646\u064a\u0629 \u0627\u0644\u0645\u0633\u062a\u0639\u0645\u0644\u0629\u060c \u064a\u062c\u0628 \u0623\u0644\u0627 \u062a\u0643\u0648\u0646 \u0627\u0644\u0633\u0644\u0639 \u0642\u062f \u0641\u0642\u062f\u062a \u0648\u0638\u064a\u0641\u062a\u0647\u0627 \u062d\u062a\u0649 \u064a\u062a\u0645 \u0627\u0644\u0628\u064a\u0639 \u0623\u0648 \u0627\u0644\u0634\u0631\u0627\u0621. \u0625\u0646 \u0638\u0647\u0648\u0631 \u0645\u0646\u062a\u062c \u062c\u062f\u064a\u062f \u0643\u0644 \u064a\u0648\u0645 \u062a\u0642\u0631\u064a\u0628\u0627\u064b \u0641\u064a \u0642\u0637\u0627\u0639 \u0627\u0644\u0633\u0644\u0639 \u0627\u0644\u0625\u0644\u0643\u062a\u0631\u0648\u0646\u064a\u0629 \u0627\u0644\u0630\u064a \u064a\u062a\u0637\u0648\u0631 \u0628\u0627\u0633\u062a\u0645\u0631\u0627\u0631 \u062c\u0639\u0644 \u0647\u0630\u0627 \u0627\u0644\u0642\u0637\u0627\u0639 \u063a\u064a\u0631 \u0642\u0627\u0628\u0644 \u0644\u0644\u062a\u062a\u0628\u0639. \u0641\u0627\u0644\u0645\u0646\u062a\u062c \u0627\u0644\u0630\u064a \u062a\u0634\u062a\u0631\u064a\u0647 \u0627\u0644\u064a\u0648\u0645 \u064a\u0645\u0643\u0646 \u0623\u0646 \u064a\u062f\u0631\u062c \u0641\u064a \u0645\u062c\u0645\u0648\u0639\u0629 \u0627\u0644\u0645\u0646\u062a\u062c\u0627\u062a \u0627\u0644\u0645\u062e\u0641\u0636\u0629 \u0643\u0645\u0646\u062a\u062c \u0642\u062f\u064a\u0645 \u0641\u064a \u0627\u0644\u0623\u0633\u0628\u0648\u0639 \u0627\u0644\u0645\u0642\u0628\u0644.<\/p><p>\u0643\u0645\u0627 \u0623\u0646 \u0642\u0637\u0627\u0639 \u0627\u0644\u0633\u0644\u0639 \u0627\u0644\u0625\u0644\u0643\u062a\u0631\u0648\u0646\u064a\u0629 \u0627\u0644\u0645\u062a\u062c\u062f\u062f\u0629 \u0628\u0627\u0633\u062a\u0645\u0631\u0627\u0631 \u064a\u062d\u0627\u0641\u0638 \u0639\u0644\u0649 \u0627\u0633\u062a\u0645\u0631\u0627\u0631\u064a\u0629 \u0633\u0648\u0642 \u0627\u0644\u0633\u0644\u0639 \u0627\u0644\u0625\u0644\u0643\u062a\u0631\u0648\u0646\u064a\u0629 \u0627\u0644\u0645\u0633\u062a\u0639\u0645\u0644\u0629. \u0641\u064a \u0628\u0639\u0636 \u0627\u0644\u0623\u062d\u064a\u0627\u0646 \u062a\u064f\u0628\u0627\u0639 \u0627\u0644\u0633\u0644\u0639 \u0627\u0644\u0625\u0644\u0643\u062a\u0631\u0648\u0646\u064a\u0629 \u0627\u0644\u0645\u0633\u062a\u0639\u0645\u0644\u0629 \u0644\u0623\u0646\u0647\u0627 \u0641\u0627\u0626\u0636\u0629 \u0639\u0646 \u0627\u0644\u062d\u0627\u062c\u0629\u060c \u0648\u0623\u062d\u064a\u0627\u0646\u0627\u064b \u0644\u0623\u0646\u0647\u0627 \u062a\u0634\u0643\u0644 \u0635\u0639\u0648\u0628\u0627\u062a \u0623\u062b\u0646\u0627\u0621 \u0627\u0644\u0646\u0642\u0644\u060c \u0648\u0623\u062d\u064a\u0627\u0646\u0627\u064b \u0644\u0623\u0646\u0647\u0627 \u062a\u0634\u063a\u0644 \u0645\u0633\u0627\u062d\u0629. \u064a\u0645\u0643\u0646\u0643 \u0623\u064a\u0636\u064b\u0627 \u062a\u0642\u064a\u064a\u0645 \u0633\u0644\u0639\u0643 \u0627\u0644\u0625\u0644\u0643\u062a\u0631\u0648\u0646\u064a\u0629 \u0627\u0644\u0645\u0633\u062a\u0639\u0645\u0644\u0629 \u0627\u0644\u062a\u064a \u062a\u0639\u062a\u0642\u062f \u0623\u0646\u0647\u0627 \u0641\u0627\u0626\u0636\u0629 \u0639\u0646 \u0627\u0644\u062d\u0627\u062c\u0629 \u0641\u064a \u0645\u0646\u0627\u0632\u0644\u0643 \u0648\u0623\u0645\u0627\u0643\u0646 \u0639\u0645\u0644\u0643 \u0648\u0645\u0633\u062a\u0648\u062f\u0639\u0627\u062a\u0643 \u0639\u0646 \u0637\u0631\u064a\u0642 \u0628\u064a\u0639\u0647\u0627 \u0644\u0646\u0627.<\/p><p>\u0646\u0634\u062a\u0631\u064a \u0645\u0646\u0643 \u0633\u0644\u0639\u0643 \u0627\u0644\u0625\u0644\u0643\u062a\u0631\u0648\u0646\u064a\u0629 \u0648\u0627\u0644\u0645\u0643\u062a\u0628\u064a\u0629 \u0627\u0644\u0645\u0633\u062a\u0639\u0645\u0644\u0629 \u0628\u0623\u0633\u0639\u0627\u0631 \u0645\u0639\u0642\u0648\u0644\u0629 \u0645\u0646 \u0623\u064a \u0645\u0646\u0637\u0642\u0629 \u0641\u064a \u0625\u0633\u0637\u0646\u0628\u0648\u0644.<\/p>\t\t\t\t\t\t<\/div>\n\t\t\t\t<\/div>\n\t\t\t\t\t<\/div>\n\t\t<\/div>\n\t\t\t\t<div class=\"elementor-column elementor-col-50 elementor-top-column elementor-element elementor-element-153fda5 yazikapsasag\" data-id=\"153fda5\" data-element_type=\"column\">\n\t\t\t<div class=\"elementor-widget-wrap elementor-element-populated\">\n\t\t\t\t\t\t<div class=\"elementor-element elementor-element-599b53f elementor-widget elementor-widget-sidebar\" data-id=\"599b53f\" data-element_type=\"widget\" data-widget_type=\"sidebar.default\">\n\t\t\t\t<div class=\"elementor-widget-container\">\n\t\t\t<div class=\"services__widget grey-bg-20 mb-40 widget_nav_menu\"><div class=\"services__widget-title\"><h4>\u0627\u0644\u0645\u0646\u062a\u062c\u0627\u062a<\/h4><\/div><div class=\"menu-urunler-container\"><ul id=\"menu-urunler\" class=\"menu\"><li id=\"menu-item-3993\" class=\"menu-item menu-item-type-post_type menu-item-object-page menu-item-3993\"><a href=\"https:\/\/ikincielesyaalis.com\/ar\/%d8%b3%d9%84%d8%b9-%d8%a8%d9%8a%d8%b6%d8%a7%d8%a1-%d9%85%d8%b3%d8%aa%d8%b9%d9%85%d9%84%d8%a9\/\">\u0633\u0644\u0639 \u0628\u064a\u0636\u0627\u0621 \u0645\u0633\u062a\u0639\u0645\u0644\u0629 \u0645\u0633\u062a\u0639\u0645\u0644\u0629<\/a><\/li>\n<li id=\"menu-item-3994\" class=\"menu-item menu-item-type-post_type menu-item-object-page menu-item-3994\"><a href=\"https:\/\/ikincielesyaalis.com\/ar\/%d8%a7%d9%84%d8%b3%d9%84%d8%b9-%d8%a7%d9%84%d8%a5%d9%84%d9%83%d8%aa%d8%b1%d9%88%d9%86%d9%8a%d8%a9-%d8%a7%d9%84%d9%85%d8%b3%d8%aa%d8%b9%d9%85%d9%84%d8%a9\/\">\u0627\u0644\u0633\u0644\u0639 \u0627\u0644\u0625\u0644\u0643\u062a\u0631\u0648\u0646\u064a\u0629 \u0627\u0644\u0645\u0633\u062a\u0639\u0645\u0644\u0629<\/a><\/li>\n<li id=\"menu-item-3995\" class=\"menu-item menu-item-type-post_type menu-item-object-page menu-item-3995\"><a href=\"https:\/\/ikincielesyaalis.com\/ar\/%d8%a7%d9%84%d8%b3%d9%84%d8%b9-%d8%a7%d9%84%d9%85%d8%b3%d8%aa%d8%b9%d9%85%d9%84%d8%a9\/\">\u0627\u0644\u0633\u0644\u0639 \u0627\u0644\u0645\u0633\u062a\u0639\u0645\u0644\u0629<\/a><\/li>\n<li id=\"menu-item-3364\" class=\"menu-item menu-item-type-custom menu-item-object-custom menu-item-3364\"><a href=\"https:\/\/ikincielesyaalis.com\/ar\/%d9%85%d8%b4%d8%aa%d8%b1%d9%8a-%d8%a7%d9%84%d8%b3%d9%84%d8%b9-%d8%a7%d9%84%d9%85%d8%b3%d8%aa%d8%b9%d9%85%d9%84%d8%a9\/\">\u0645\u0631\u0627\u0642\u0628\u064a \u0627\u0644\u0633\u0644\u0639 \u0627\u0644\u0645\u0633\u062a\u0639\u0645\u0644\u0629<\/a><\/li>\n<li id=\"menu-item-3996\" class=\"menu-item menu-item-type-post_type menu-item-object-page menu-item-3996\"><a href=\"https:\/\/ikincielesyaalis.com\/ar\/%d8%b7%d9%82%d9%85-%d9%83%d9%86%d8%a8-%d9%85%d8%b3%d8%aa%d8%b9%d9%85%d9%84\/\">\u0637\u0642\u0645 \u0643\u0646\u0628 \u0645\u0633\u062a\u0639\u0645\u0644<\/a><\/li>\n<li id=\"menu-item-4034\" class=\"menu-item menu-item-type-post_type menu-item-object-page menu-item-4034\"><a href=\"https:\/\/ikincielesyaalis.com\/ar\/%d8%aa%d9%84%d9%81%d8%b2%d9%8a%d9%88%d9%86-%d8%a8%d8%b4%d8%a7%d8%b4%d8%a9-lcd-%d9%85%d8%b3%d8%aa%d8%b9%d9%85%d9%84%d8%a9\/\">\u062a\u0644\u0641\u0632\u064a\u0648\u0646\u0627\u062a LCD \u0645\u0633\u062a\u0639\u0645\u0644\u0629 \u0645\u0633\u062a\u0639\u0645\u0644\u0629<\/a><\/li>\n<li id=\"menu-item-4033\" class=\"menu-item menu-item-type-post_type menu-item-object-page menu-item-4033\"><a href=\"https:\/\/ikincielesyaalis.com\/ar\/%d8%a3%d8%ab%d8%a7%d8%ab-%d9%85%d8%b3%d8%aa%d8%b9%d9%85%d9%84\/\">\u0623\u062b\u0627\u062b \u0645\u0633\u062a\u0639\u0645\u0644<\/a><\/li>\n<li id=\"menu-item-4032\" class=\"menu-item menu-item-type-post_type menu-item-object-page menu-item-4032\"><a href=\"https:\/\/ikincielesyaalis.com\/ar\/%d8%b7%d9%82%d9%85-%d8%ba%d8%b1%d9%81%d8%a9-%d9%86%d9%88%d9%85-%d9%85%d8%b3%d8%aa%d8%b9%d9%85%d9%84%d8%a9\/\">\u0637\u0642\u0645 \u063a\u0631\u0641\u0629 \u0646\u0648\u0645 \u0645\u0633\u062a\u0639\u0645\u0644\u0629 \u0645\u0633\u062a\u0639\u0645\u0644\u0629<\/a><\/li>\n<\/ul><\/div><\/div><div class=\"services__widget grey-bg-20 mb-40 widget_nav_menu\"><div class=\"services__widget-title\"><h4>\u0627\u0644\u0645\u0646\u0627\u0637\u0642<\/h4><\/div><div class=\"menu-bolgeler-container\"><ul id=\"menu-bolgeler\" class=\"menu\"><li id=\"menu-item-3698\" class=\"menu-item menu-item-type-post_type menu-item-object-page menu-item-3698\"><a href=\"https:\/\/ikincielesyaalis.com\/ar\/%d8%a8%d8%b6%d8%a7%d8%a6%d8%b9-%d9%85%d8%b3%d8%aa%d8%b9%d9%85%d9%84%d8%a9-%d9%81%d9%8a-%d8%a3%d8%b1%d9%86%d8%a7%d8%a4%d9%88%d8%b7-%d9%83%d9%88%d9%8a\/\">\u0623\u0631\u0646\u0627\u0641\u0648\u062a\u0643\u0648\u064a \u0627\u0644\u0633\u0644\u0639 \u0627\u0644\u0645\u0633\u062a\u0639\u0645\u0644\u0629<\/a><\/li>\n<li id=\"menu-item-3962\" class=\"menu-item menu-item-type-post_type menu-item-object-page menu-item-3962\"><a href=\"https:\/\/ikincielesyaalis.com\/ar\/%d8%a8%d8%b6%d8%a7%d8%a6%d8%b9-%d9%85%d8%b3%d8%aa%d8%b9%d9%85%d9%84%d8%a9-%d9%81%d9%8a-%d8%a3%d8%aa%d8%a7%d8%b4%d9%87%d9%8a%d8%b1\/\">\u0633\u0644\u0639 \u0623\u062a\u0627\u0634\u0647\u064a\u0631 \u0627\u0644\u0645\u0633\u062a\u0639\u0645\u0644\u0629<\/a><\/li>\n<li id=\"menu-item-3699\" class=\"menu-item menu-item-type-post_type menu-item-object-page menu-item-3699\"><a href=\"https:\/\/ikincielesyaalis.com\/ar\/%d8%a7%d9%84%d8%b3%d9%84%d8%b9-%d8%a7%d9%84%d9%85%d8%b3%d8%aa%d8%b9%d9%85%d9%84%d8%a9-%d9%85%d9%86-%d8%a3%d9%81%d8%aa%d8%b3%d9%8a%d9%84%d8%a7%d8%b1\/\">\u0633\u0644\u0639 \u0623\u0641\u062c\u0644\u0627\u0631 \u0627\u0644\u0645\u0633\u062a\u0639\u0645\u0644\u0629<\/a><\/li>\n<li id=\"menu-item-3700\" class=\"menu-item menu-item-type-post_type menu-item-object-page menu-item-3700\"><a href=\"https:\/\/ikincielesyaalis.com\/ar\/%d8%a8%d8%b6%d8%a7%d8%a6%d8%b9-%d9%85%d8%b3%d8%aa%d8%b9%d9%85%d9%84%d8%a9-%d9%85%d9%86-%d8%a8%d8%a7%d8%ba%d8%b3%d9%8a%d9%84%d8%a7%d8%b1\/\">\u0628\u0636\u0627\u0626\u0639 \u0645\u0633\u062a\u0639\u0645\u0644\u0629 \u0645\u0646 \u0628\u0627\u063a\u062c\u0644\u0627\u0631<\/a><\/li>\n<li id=\"menu-item-3701\" class=\"menu-item menu-item-type-post_type menu-item-object-page menu-item-3701\"><a href=\"https:\/\/ikincielesyaalis.com\/ar\/%d8%a8%d8%b6%d8%a7%d8%a6%d8%b9-%d9%85%d8%b3%d8%aa%d8%b9%d9%85%d9%84%d8%a9-%d8%a8%d9%87%d8%ac%d9%84%d9%8a%d9%81%d9%84%d8%b1-%d8%a7%d9%84%d9%85%d8%b3%d8%aa%d8%b9%d9%85%d9%84%d8%a9\/\">\u0633\u0644\u0639 \u0645\u0633\u062a\u0639\u0645\u0644\u0629 \u0628\u0627\u0647\u0633\u064a\u0644\u064a\u0641\u0644\u0631 \u0627\u0644\u0645\u0633\u062a\u0639\u0645\u0644\u0629<\/a><\/li>\n<li id=\"menu-item-3702\" class=\"menu-item menu-item-type-post_type menu-item-object-page menu-item-3702\"><a href=\"https:\/\/ikincielesyaalis.com\/ar\/%d8%a8%d8%a7%d9%83%d9%8a%d8%b1%d9%83%d9%88%d9%8a-%d8%a7%d9%84%d8%b3%d9%84%d8%b9-%d8%a7%d9%84%d9%85%d8%b3%d8%aa%d8%b9%d9%85%d9%84%d8%a9\/\">\u0628\u0627\u0643\u064a\u0631\u0643\u0648\u064a \u0644\u0644\u0633\u0644\u0639 \u0627\u0644\u0645\u0633\u062a\u0639\u0645\u0644\u0629<\/a><\/li>\n<li id=\"menu-item-3703\" class=\"menu-item menu-item-type-post_type menu-item-object-page menu-item-3703\"><a href=\"https:\/\/ikincielesyaalis.com\/ar\/%d8%b3%d9%84%d8%b9-%d9%85%d8%b3%d8%aa%d8%b9%d9%85%d9%84%d8%a9-%d8%a8%d8%a7%d8%b4%d8%a7%d9%83-%d8%b4%d9%87%d9%8a%d8%b1-%d8%a7%d9%84%d9%85%d8%b3%d8%aa%d8%b9%d9%85%d9%84%d8%a9\/\">\u0633\u0644\u0639 \u0645\u0633\u062a\u0639\u0645\u0644\u0629 \u0628\u0627\u0634\u0627\u0643 \u0634\u0647\u064a\u0631 \u0627\u0644\u0645\u0633\u062a\u0639\u0645\u0644\u0629<\/a><\/li>\n<li id=\"menu-item-3704\" class=\"menu-item menu-item-type-post_type menu-item-object-page menu-item-3704\"><a href=\"https:\/\/ikincielesyaalis.com\/ar\/%d8%a8%d8%b6%d8%a7%d8%a6%d8%b9-%d9%85%d8%b3%d8%aa%d8%b9%d9%85%d9%84%d8%a9-%d9%81%d9%8a-%d8%a8%d9%8a%d8%b1%d9%85%d8%a8%d8%a7%d8%b3%d8%a7\/\">\u0628\u064a\u0631\u0645\u0628\u0627\u0633\u0627 \u0627\u0644\u0633\u0644\u0639 \u0627\u0644\u0645\u0633\u062a\u0639\u0645\u0644\u0629<\/a><\/li>\n<li id=\"menu-item-3706\" class=\"menu-item menu-item-type-post_type menu-item-object-page menu-item-3706\"><a href=\"https:\/\/ikincielesyaalis.com\/ar\/%d8%a8%d9%8a%d8%b3%d9%83%d8%aa%d8%a7%d8%b4-%d9%84%d9%84%d8%a8%d8%b6%d8%a7%d8%a6%d8%b9-%d8%a7%d9%84%d9%85%d8%b3%d8%aa%d8%b9%d9%85%d9%84%d8%a9\/\">\u0628\u0634\u064a\u0643\u062a\u0627\u0634 \u0627\u0644\u0633\u0644\u0639 \u0627\u0644\u0645\u0633\u062a\u0639\u0645\u0644\u0629<\/a><\/li>\n<li id=\"menu-item-3710\" class=\"menu-item menu-item-type-post_type menu-item-object-page menu-item-3710\"><a href=\"https:\/\/ikincielesyaalis.com\/ar\/%d8%a8%d9%8a%d9%83%d9%88%d8%b2-%d9%84%d9%84%d8%b3%d9%84%d8%b9-%d8%a7%d9%84%d9%85%d8%b3%d8%aa%d8%b9%d9%85%d9%84%d8%a9\/\">\u0628\u064a\u0643\u0648\u0632 \u0644\u0644\u0633\u0644\u0639 \u0627\u0644\u0645\u0633\u062a\u0639\u0645\u0644\u0629<\/a><\/li>\n<li id=\"menu-item-3711\" class=\"menu-item menu-item-type-post_type menu-item-object-page menu-item-3711\"><a href=\"https:\/\/ikincielesyaalis.com\/ar\/%d8%a7%d9%84%d8%b3%d9%84%d8%b9-%d8%a7%d9%84%d9%85%d8%b3%d8%aa%d8%b9%d9%85%d9%84%d8%a9-%d9%85%d9%86-%d8%a8%d9%8a%d9%84%d9%8a%d9%83-%d8%af%d9%88%d8%b2%d9%88-%d8%a8%d9%8a%d9%84%d9%8a%d9%83-%d8%af%d9%88\/\">\u0633\u0644\u0639 \u0628\u064a\u0644\u064a\u0643 \u062f\u0648\u0632\u0648 \u0627\u0644\u0645\u0633\u062a\u0639\u0645\u0644\u0629<\/a><\/li>\n<li id=\"menu-item-3963\" class=\"menu-item menu-item-type-post_type menu-item-object-page menu-item-3963\"><a href=\"https:\/\/ikincielesyaalis.com\/ar\/%d8%b3%d9%84%d8%b9-%d8%a8%d9%8a-%d8%a3%d9%88%d8%ba%d9%84%d9%88-%d8%a7%d9%84%d9%85%d8%b3%d8%aa%d8%b9%d9%85%d9%84%d8%a9\/\">\u0633\u0644\u0639 \u0628\u064a\u0648\u063a\u0644\u0648 \u0627\u0644\u0645\u0633\u062a\u0639\u0645\u0644\u0629<\/a><\/li>\n<li id=\"menu-item-3713\" class=\"menu-item menu-item-type-post_type menu-item-object-page menu-item-3713\"><a href=\"https:\/\/ikincielesyaalis.com\/ar\/%d8%a7%d8%b4%d8%aa%d8%b1%d9%90-%d8%a7%d9%84%d8%b3%d9%84%d8%b9-%d8%a7%d9%84%d9%85%d8%b3%d8%aa%d8%b9%d9%85%d9%84%d8%a9\/\">\u0628\u0648\u064a\u0648\u0643 \u0634\u0643\u0645\u062c\u0629 \u0627\u0644\u0633\u0644\u0639 \u0627\u0644\u0645\u0633\u062a\u0639\u0645\u0644\u0629<\/a><\/li>\n<li id=\"menu-item-3964\" class=\"menu-item menu-item-type-post_type menu-item-object-page menu-item-3964\"><a href=\"https:\/\/ikincielesyaalis.com\/ar\/%d9%83%d8%a7%d8%aa%d8%a7%d9%84%d9%83%d8%a7-%d8%a7%d9%84%d8%b3%d9%84%d8%b9-%d8%a7%d9%84%d9%85%d8%b3%d8%aa%d8%b9%d9%85%d9%84%d8%a9\/\">\u0643\u0627\u062a\u0627\u0644\u0643\u0627 \u0644\u0644\u0633\u0644\u0639 \u0627\u0644\u0645\u0633\u062a\u0639\u0645\u0644\u0629<\/a><\/li>\n<li id=\"menu-item-3715\" class=\"menu-item menu-item-type-post_type menu-item-object-page menu-item-3715\"><a href=\"https:\/\/ikincielesyaalis.com\/ar\/%d8%b3%d9%84%d8%b9-%d9%85%d8%b3%d8%aa%d8%b9%d9%85%d9%84%d8%a9-%d9%85%d9%86-%d8%a5%d8%b3%d9%8a%d9%86%d9%8a%d9%88%d8%b1%d8%aa\/\">\u0633\u0644\u0639 \u0645\u0633\u062a\u0639\u0645\u0644\u0629 \u0645\u0646 \u0625\u0633\u0646\u064a\u0648\u0631\u062a<\/a><\/li>\n<li id=\"menu-item-3980\" class=\"menu-item menu-item-type-post_type menu-item-object-page menu-item-3980\"><a href=\"https:\/\/ikincielesyaalis.com\/ar\/%d8%a3%d9%8a%d9%88%d8%a8-%d8%a7%d9%84%d8%b3%d9%84%d8%b9-%d8%a7%d9%84%d9%85%d8%b3%d8%aa%d8%b9%d9%85%d9%84%d8%a9\/\">\u0623\u064a\u0648\u0628 \u0627\u0644\u0633\u0644\u0639 \u0627\u0644\u0645\u0633\u062a\u0639\u0645\u0644\u0629<\/a><\/li>\n<li id=\"menu-item-3981\" class=\"menu-item menu-item-type-post_type menu-item-object-page menu-item-3981\"><a href=\"https:\/\/ikincielesyaalis.com\/ar\/%d8%a8%d8%b6%d8%a7%d8%a6%d8%b9-%d9%85%d8%b3%d8%aa%d8%b9%d9%85%d9%84%d8%a9-%d9%81%d8%a7%d8%aa%d8%ad-%d9%85%d8%b3%d8%aa%d8%b9%d9%85%d9%84%d8%a9\/\">\u0627\u0644\u0641\u0627\u062a\u062d \u0644\u0644\u0633\u0644\u0639 \u0627\u0644\u0645\u0633\u062a\u0639\u0645\u0644\u0629<\/a><\/li>\n<li id=\"menu-item-3983\" class=\"menu-item menu-item-type-post_type menu-item-object-page menu-item-3983\"><a href=\"https:\/\/ikincielesyaalis.com\/ar\/%d8%ba%d8%a7%d8%b2%d9%8a-%d8%b9%d8%ab%d9%85%d8%a7%d9%86-%d8%a8%d8%a7%d8%b4%d8%a7-%d8%a7%d9%84%d8%b3%d9%84%d8%b9-%d8%a7%d9%84%d9%85%d8%b3%d8%aa%d8%b9%d9%85%d9%84%d8%a9\/\">\u063a\u0627\u0632\u064a \u0639\u062b\u0645\u0627\u0646 \u0628\u0627\u0634\u0627 \u0627\u0644\u0633\u0644\u0639 \u0627\u0644\u0645\u0633\u062a\u0639\u0645\u0644\u0629<\/a><\/li>\n<li id=\"menu-item-3984\" class=\"menu-item menu-item-type-post_type menu-item-object-page menu-item-3984\"><a href=\"https:\/\/ikincielesyaalis.com\/ar\/%d8%a7%d9%84%d8%b3%d9%84%d8%b9-%d8%a7%d9%84%d9%85%d8%b3%d8%aa%d8%b9%d9%85%d9%84%d8%a9-%d9%85%d9%86-%d8%ba%d9%88%d9%86%d8%ba%d9%88%d8%b1%d9%8a%d9%86\/\">\u0633\u0644\u0639 \u0645\u0633\u062a\u0639\u0645\u0644\u0629 \u0645\u0646 \u063a\u0648\u0646\u063a\u0648\u0631\u064a\u0646<\/a><\/li>\n<li id=\"menu-item-3985\" class=\"menu-item menu-item-type-post_type menu-item-object-page menu-item-3985\"><a href=\"https:\/\/ikincielesyaalis.com\/ar\/%d8%b3%d9%84%d8%b9-%d9%83%d8%a7%d8%af%d9%8a%d9%83%d9%88%d9%8a-%d8%a7%d9%84%d9%85%d8%b3%d8%aa%d8%b9%d9%85%d9%84%d8%a9\/\">\u0633\u0644\u0639 \u0643\u0627\u062f\u064a\u0643\u0648\u064a \u0627\u0644\u0645\u0633\u062a\u0639\u0645\u0644\u0629<\/a><\/li>\n<li id=\"menu-item-3986\" class=\"menu-item menu-item-type-post_type menu-item-object-page menu-item-3986\"><a href=\"https:\/\/ikincielesyaalis.com\/ar\/%d8%a8%d8%b6%d8%a7%d8%a6%d8%b9-%d9%83%d8%a7%d8%ac%d9%8a%d8%ab%d8%a7%d9%86-%d8%a7%d9%84%d9%85%d8%b3%d8%aa%d8%b9%d9%85%d9%84%d8%a9\/\">\u0643\u0627\u063a\u064a\u062b\u0627\u0646 \u0627\u0644\u0633\u0644\u0639 \u0627\u0644\u0645\u0633\u062a\u0639\u0645\u0644\u0629<\/a><\/li>\n<li id=\"menu-item-3721\" class=\"menu-item menu-item-type-post_type menu-item-object-page menu-item-3721\"><a href=\"https:\/\/ikincielesyaalis.com\/ar\/%d8%a8%d8%b6%d8%a7%d8%a6%d8%b9-%d9%83%d8%a7%d8%b1%d8%aa%d8%a7%d9%84-%d8%a7%d9%84%d9%85%d8%b3%d8%aa%d8%b9%d9%85%d9%84%d8%a9\/\">\u0643\u0627\u0631\u062a\u0627\u0644 \u0644\u0644\u0633\u0644\u0639 \u0627\u0644\u0645\u0633\u062a\u0639\u0645\u0644\u0629<\/a><\/li>\n<li id=\"menu-item-3988\" class=\"menu-item menu-item-type-post_type menu-item-object-page menu-item-3988\"><a href=\"https:\/\/ikincielesyaalis.com\/ar\/%d8%a7%d9%84%d8%b3%d9%84%d8%b9-%d8%a7%d9%84%d9%85%d8%b3%d8%aa%d8%b9%d9%85%d9%84%d8%a9-kucukcekcekmece\/\">\u0633\u0644\u0639 \u0645\u0633\u062a\u0639\u0645\u0644\u0629 \u0645\u0646 \u0643\u0648\u062a\u0634\u0648\u0643 \u0634\u0643\u0645\u062c\u0629 \u0627\u0644\u0645\u0633\u062a\u0639\u0645\u0644\u0629<\/a><\/li>\n<li id=\"menu-item-3722\" class=\"menu-item menu-item-type-post_type menu-item-object-page menu-item-3722\"><a href=\"https:\/\/ikincielesyaalis.com\/ar\/%d8%a7%d9%84%d8%b3%d9%84%d8%b9-%d8%a7%d9%84%d9%85%d8%b3%d8%aa%d8%b9%d9%85%d9%84%d8%a9-%d9%85%d9%86-%d9%85%d8%a7%d9%84%d8%aa%d9%8a%d8%a8%d9%8a\/\">\u0633\u0644\u0639 \u0645\u0627\u0644\u062a\u064a\u0628\u064a \u0627\u0644\u0645\u0633\u062a\u0639\u0645\u0644\u0629<\/a><\/li>\n<li id=\"menu-item-3723\" class=\"menu-item menu-item-type-post_type menu-item-object-page menu-item-3723\"><a href=\"https:\/\/ikincielesyaalis.com\/ar\/%d8%b3%d9%84%d8%b9-%d8%b3%d9%86%d8%ac%d9%82-%d8%aa%d8%a8%d9%87-%d8%a7%d9%84%d9%85%d8%b3%d8%aa%d8%b9%d9%85%d9%84%d8%a9\/\">\u0633\u0644\u0639 \u0633\u0646\u062c\u0642 \u062a\u0628\u0647 \u0627\u0644\u0645\u0633\u062a\u0639\u0645\u0644\u0629<\/a><\/li>\n<li id=\"menu-item-3724\" class=\"menu-item menu-item-type-post_type menu-item-object-page menu-item-3724\"><a href=\"https:\/\/ikincielesyaalis.com\/ar\/%d8%b3%d8%a7%d8%b1%d9%8a%d8%b1-%d8%a7%d9%84%d8%b3%d9%84%d8%b9-%d8%a7%d9%84%d9%85%d8%b3%d8%aa%d8%b9%d9%85%d9%84%d8%a9\/\">\u0633\u0627\u0631\u064a\u064a\u0631 \u0627\u0644\u0633\u0644\u0639 \u0627\u0644\u0645\u0633\u062a\u0639\u0645\u0644\u0629<\/a><\/li>\n<li id=\"menu-item-3725\" class=\"menu-item menu-item-type-post_type menu-item-object-page menu-item-3725\"><a href=\"https:\/\/ikincielesyaalis.com\/ar\/%d8%a7%d9%84%d8%b3%d9%84%d8%b9-%d8%a7%d9%84%d9%85%d8%b3%d8%aa%d8%b9%d9%85%d9%84%d8%a9-%d8%a7%d9%84%d8%b3%d9%8a%d8%b3%d9%84%d9%8a\/\">\u0633\u0644\u0639 \u0633\u064a\u0633\u0644\u064a \u0627\u0644\u0645\u0633\u062a\u0639\u0645\u0644\u0629<\/a><\/li>\n<\/ul><\/div><\/div>\t\t<\/div>\n\t\t\t\t<\/div>\n\t\t\t\t\t<\/div>\n\t\t<\/div>\n\t\t\t\t\t<\/div>\n\t\t<\/section>\n\t\t\t\t<\/div>","protected":false},"excerpt":{"rendered":"<p>\u0130stanbul Anadolu yakas\u0131, Kad\u0131k\u00f6y\u2019de bulunan ikinci el e\u015fya al\u0131m-sat\u0131m firmam\u0131z hizmetinizde. \u0130l\u00e7e civar\u0131ndan bulunan m\u00fc\u015fterilerimiz, ofislerine, evlerine ikinci el e\u015fya al\u0131m\u0131 ve sat\u0131m\u0131 yapabilirler.\u00a0\u00c7ama\u015f\u0131r makinesi,\u00a0Buzdolab\u0131,\u00a0Bula\u015f\u0131k makinesi,\u00a0ocakl\u0131 f\u0131r\u0131n ve\u00a0Koltuk Tak\u0131m\u0131, Yemek odas\u0131, Baza yatak, Yatak odas\u0131\u00a0gibi e\u015fyalar\u0131n al\u0131m ve sat\u0131m\u0131n\u0131 yapmaktay\u0131z.\u00a0\u0130kinci el e\u015fyalar\u0131n\u0131z\u0131n sat\u0131\u015f\u0131n\u0131 de\u011ferinde fiyata yapmak i\u00e7in bizimle\u00a0ileti\u015fime\u00a0ge\u00e7in. \u0130kinci El Al\u0131m Yapt\u0131\u011f\u0131m\u0131z E\u015fyalar; \u0130kinci el [&hellip;]<\/p>","protected":false},"author":1,"featured_media":0,"parent":0,"menu_order":0,"comment_status":"closed","ping_status":"closed","template":"","meta":{"_acf_changed":false,"footnotes":""},"class_list":["post-3970","page","type-page","status-publish","hentry"],"acf":[],"_links":{"self":[{"href":"https:\/\/ikincielesyaalis.com\/ar\/wp-json\/wp\/v2\/pages\/3970","targetHints":{"allow":["GET"]}}],"collection":[{"href":"https:\/\/ikincielesyaalis.com\/ar\/wp-json\/wp\/v2\/pages"}],"about":[{"href":"https:\/\/ikincielesyaalis.com\/ar\/wp-json\/wp\/v2\/types\/page"}],"author":[{"embeddable":true,"href":"https:\/\/ikincielesyaalis.com\/ar\/wp-json\/wp\/v2\/users\/1"}],"replies":[{"embeddable":true,"href":"https:\/\/ikincielesyaalis.com\/ar\/wp-json\/wp\/v2\/comments?post=3970"}],"version-history":[{"count":0,"href":"https:\/\/ikincielesyaalis.com\/ar\/wp-json\/wp\/v2\/pages\/3970\/revisions"}],"wp:attachment":[{"href":"https:\/\/ikincielesyaalis.com\/ar\/wp-json\/wp\/v2\/media?parent=3970"}],"curies":[{"name":"wp","href":"https:\/\/api.w.org\/{rel}","templated":true}]}}