{"id":3838,"date":"2022-06-29T09:51:50","date_gmt":"2022-06-29T09:51:50","guid":{"rendered":"https:\/\/ikincielesyaalis.com\/?page_id=3838"},"modified":"2022-06-29T11:13:15","modified_gmt":"2022-06-29T11:13:15","slug":"kucukcekmece-second-hand-goods","status":"publish","type":"page","link":"https:\/\/ikincielesyaalis.com\/en\/kucukcekmece-second-hand-goods\/","title":{"rendered":"Kucukcekmece Second Hand Goods"},"content":{"rendered":"<div data-elementor-type=\"wp-page\" data-elementor-id=\"3838\" class=\"elementor elementor-3838\">\n\t\t\t\t\t\t<section class=\"elementor-section elementor-top-section elementor-element elementor-element-c75922b yazikapsa elementor-section-boxed elementor-section-height-default elementor-section-height-default\" data-id=\"c75922b\" data-element_type=\"section\">\n\t\t\t\t\t\t<div class=\"elementor-container elementor-column-gap-default\">\n\t\t\t\t\t<div class=\"elementor-column elementor-col-50 elementor-top-column elementor-element elementor-element-edcb28b\" data-id=\"edcb28b\" data-element_type=\"column\">\n\t\t\t<div class=\"elementor-widget-wrap elementor-element-populated\">\n\t\t\t\t\t\t<div class=\"elementor-element elementor-element-0998dd7 elementor-widget elementor-widget-text-editor\" data-id=\"0998dd7\" data-element_type=\"widget\" data-widget_type=\"text-editor.default\">\n\t\t\t\t<div class=\"elementor-widget-container\">\n\t\t\t<style>\/*! elementor - v3.21.0 - 26-05-2024 *\/\n.elementor-widget-text-editor.elementor-drop-cap-view-stacked .elementor-drop-cap{background-color:#69727d;color:#fff}.elementor-widget-text-editor.elementor-drop-cap-view-framed .elementor-drop-cap{color:#69727d;border:3px solid;background-color:transparent}.elementor-widget-text-editor:not(.elementor-drop-cap-view-default) .elementor-drop-cap{margin-top:8px}.elementor-widget-text-editor:not(.elementor-drop-cap-view-default) .elementor-drop-cap-letter{width:1em;height:1em}.elementor-widget-text-editor .elementor-drop-cap{float:left;text-align:center;line-height:1;font-size:50px}.elementor-widget-text-editor .elementor-drop-cap-letter{display:inline-block}<\/style>\t\t\t\t<p><img fetchpriority=\"high\" decoding=\"async\" class=\"alignnone wp-image-3842 size-full\" src=\"https:\/\/ikincielesyaalis.com\/wp-content\/uploads\/2022\/06\/kucukcekmece-ikinci-el-esya.jpg\" alt=\"Kucukcekmece Second Hand Goods\" width=\"1092\" height=\"542\" srcset=\"https:\/\/ikincielesyaalis.com\/wp-content\/uploads\/2022\/06\/kucukcekmece-ikinci-el-esya.jpg 1092w, https:\/\/ikincielesyaalis.com\/wp-content\/uploads\/2022\/06\/kucukcekmece-ikinci-el-esya-300x149.jpg 300w, https:\/\/ikincielesyaalis.com\/wp-content\/uploads\/2022\/06\/kucukcekmece-ikinci-el-esya-1024x508.jpg 1024w, https:\/\/ikincielesyaalis.com\/wp-content\/uploads\/2022\/06\/kucukcekmece-ikinci-el-esya-768x381.jpg 768w\" sizes=\"(max-width: 1092px) 100vw, 1092px\" \/><\/p><p>Our second-hand goods buying and selling company located in K\u00fc\u00e7\u00fck\u00e7ekmece, European side of Istanbul is at your service. Our customers from around the district can buy and sell second-hand goods to their offices and homes. <strong>Washing machine<\/strong>,\u00a0<strong>Refrigerator<\/strong>,\u00a0<strong>Dishwasher<\/strong>,\u00a0<strong>oven with hob and\u00a0<\/strong><strong>Sofa Set, Dining room, Plinth bed, Bedroom\u00a0<\/strong>We buy and sell items such as. Contact us to make the sale of your second-hand goods at a price worth its value.<\/p><h2><em><strong>Second Hand Goods We Buy;<br \/><\/strong><\/em><\/h2><ul><li>Second hand office furniture<\/li><li>Second hand white goods<\/li><li>Second hand electronic goods<\/li><li>Second hand bedroom<\/li><li>Second hand sofa set<\/li><\/ul><h3><strong>Second Hand Goods Buyers<\/strong><\/h3><p>Second-hand goods are products that have been developing from past to present and that people want to re-evaluate.<br \/>In the sector, a sector has been formed where people with low purchasing power buy and sell second-hand goods instead of buying new goods. You can sell your old used items that you do not use.\u00a0<em><strong>places that buy second hand goods<\/strong><\/em> and can both contribute to the home economy and be useful for people who cannot buy new goods and want to buy used goods.<\/p>\t\t\t\t\t\t<\/div>\n\t\t\t\t<\/div>\n\t\t\t\t\t<\/div>\n\t\t<\/div>\n\t\t\t\t<div class=\"elementor-column elementor-col-50 elementor-top-column elementor-element elementor-element-153fda5 yazikapsasag\" data-id=\"153fda5\" data-element_type=\"column\">\n\t\t\t<div class=\"elementor-widget-wrap elementor-element-populated\">\n\t\t\t\t\t\t<div class=\"elementor-element elementor-element-599b53f elementor-widget elementor-widget-sidebar\" data-id=\"599b53f\" data-element_type=\"widget\" data-widget_type=\"sidebar.default\">\n\t\t\t\t<div class=\"elementor-widget-container\">\n\t\t\t<div class=\"services__widget grey-bg-20 mb-40 widget_nav_menu\"><div class=\"services__widget-title\"><h4>Products<\/h4><\/div><div class=\"menu-urunler-container\"><ul id=\"menu-urunler\" class=\"menu\"><li id=\"menu-item-3993\" class=\"menu-item menu-item-type-post_type menu-item-object-page menu-item-3993\"><a href=\"https:\/\/ikincielesyaalis.com\/en\/second-hand-white-goods\/\">Second Hand White Goods<\/a><\/li>\n<li id=\"menu-item-3994\" class=\"menu-item menu-item-type-post_type menu-item-object-page menu-item-3994\"><a href=\"https:\/\/ikincielesyaalis.com\/en\/second-hand-electronic-goods\/\">Second Hand Electronic Goods<\/a><\/li>\n<li id=\"menu-item-3995\" class=\"menu-item menu-item-type-post_type menu-item-object-page menu-item-3995\"><a href=\"https:\/\/ikincielesyaalis.com\/en\/second-hand-goods\/\">Second Hand Goods<\/a><\/li>\n<li id=\"menu-item-3364\" class=\"menu-item menu-item-type-custom menu-item-object-custom menu-item-3364\"><a href=\"https:\/\/ikincielesyaalis.com\/en\/second-hand-furniture-buyers\/\">Second Hand Goods Spotters<\/a><\/li>\n<li id=\"menu-item-3996\" class=\"menu-item menu-item-type-post_type menu-item-object-page menu-item-3996\"><a href=\"https:\/\/ikincielesyaalis.com\/en\/second-hand-sofa-set\/\">Second Hand Sofa Set<\/a><\/li>\n<li id=\"menu-item-4034\" class=\"menu-item menu-item-type-post_type menu-item-object-page menu-item-4034\"><a href=\"https:\/\/ikincielesyaalis.com\/en\/second-hand-lcd-tv\/\">Second Hand Lcd Tv<\/a><\/li>\n<li id=\"menu-item-4033\" class=\"menu-item menu-item-type-post_type menu-item-object-page menu-item-4033\"><a href=\"https:\/\/ikincielesyaalis.com\/en\/second-hand-furniture\/\">Second Hand Furniture<\/a><\/li>\n<li id=\"menu-item-4032\" class=\"menu-item menu-item-type-post_type menu-item-object-page menu-item-4032\"><a href=\"https:\/\/ikincielesyaalis.com\/en\/second-hand-bedroom-set\/\">Second Hand Bedroom Set<\/a><\/li>\n<\/ul><\/div><\/div><div class=\"services__widget grey-bg-20 mb-40 widget_nav_menu\"><div class=\"services__widget-title\"><h4>Regions<\/h4><\/div><div class=\"menu-bolgeler-container\"><ul id=\"menu-bolgeler\" class=\"menu\"><li id=\"menu-item-3698\" class=\"menu-item menu-item-type-post_type menu-item-object-page menu-item-3698\"><a href=\"https:\/\/ikincielesyaalis.com\/en\/arnavutkoy-second-hand-goods\/\">Arnavutkoy Second Hand Goods<\/a><\/li>\n<li id=\"menu-item-3962\" class=\"menu-item menu-item-type-post_type menu-item-object-page menu-item-3962\"><a href=\"https:\/\/ikincielesyaalis.com\/en\/atasehir-second-hand-goods\/\">Atasehir Second Hand Goods<\/a><\/li>\n<li id=\"menu-item-3699\" class=\"menu-item menu-item-type-post_type menu-item-object-page menu-item-3699\"><a href=\"https:\/\/ikincielesyaalis.com\/en\/avcilar-second-hand-goods\/\">Avcilar Second Hand Goods<\/a><\/li>\n<li id=\"menu-item-3700\" class=\"menu-item menu-item-type-post_type menu-item-object-page menu-item-3700\"><a href=\"https:\/\/ikincielesyaalis.com\/en\/bagcilar-second-hand-goods\/\">Bagcilar Second Hand Goods<\/a><\/li>\n<li id=\"menu-item-3701\" class=\"menu-item menu-item-type-post_type menu-item-object-page menu-item-3701\"><a href=\"https:\/\/ikincielesyaalis.com\/en\/bahcelievler-second-hand-goods\/\">Bahcelievler Second Hand Goods<\/a><\/li>\n<li id=\"menu-item-3702\" class=\"menu-item menu-item-type-post_type menu-item-object-page menu-item-3702\"><a href=\"https:\/\/ikincielesyaalis.com\/en\/bakirkoy-second-hand-goods\/\">Bakirkoy Second Hand Goods<\/a><\/li>\n<li id=\"menu-item-3703\" class=\"menu-item menu-item-type-post_type menu-item-object-page menu-item-3703\"><a href=\"https:\/\/ikincielesyaalis.com\/en\/basaksehir-second-hand-goods\/\">Ba\u015fak\u015fehir Second Hand Goods<\/a><\/li>\n<li id=\"menu-item-3704\" class=\"menu-item menu-item-type-post_type menu-item-object-page menu-item-3704\"><a href=\"https:\/\/ikincielesyaalis.com\/en\/second-hand-goods-in-bayrampasa\/\">Bayrampasa Second Hand Goods<\/a><\/li>\n<li id=\"menu-item-3706\" class=\"menu-item menu-item-type-post_type menu-item-object-page menu-item-3706\"><a href=\"https:\/\/ikincielesyaalis.com\/en\/besiktas-second-hand-furniture\/\">Be\u015fikta\u015f Second Hand Goods<\/a><\/li>\n<li id=\"menu-item-3710\" class=\"menu-item menu-item-type-post_type menu-item-object-page menu-item-3710\"><a href=\"https:\/\/ikincielesyaalis.com\/en\/beykoz-second-hand-goods\/\">Beykoz Second Hand Goods<\/a><\/li>\n<li id=\"menu-item-3711\" class=\"menu-item menu-item-type-post_type menu-item-object-page menu-item-3711\"><a href=\"https:\/\/ikincielesyaalis.com\/en\/beylikduzu-second-hand-goods\/\">Beylikduzu Second Hand Goods<\/a><\/li>\n<li id=\"menu-item-3963\" class=\"menu-item menu-item-type-post_type menu-item-object-page menu-item-3963\"><a href=\"https:\/\/ikincielesyaalis.com\/en\/beyoglu-second-hand-goods\/\">Beyoglu Second Hand Goods<\/a><\/li>\n<li id=\"menu-item-3713\" class=\"menu-item menu-item-type-post_type menu-item-object-page menu-item-3713\"><a href=\"https:\/\/ikincielesyaalis.com\/en\/buyukcekmece-second-hand-goods\/\">Buyukcekmece Second Hand Goods<\/a><\/li>\n<li id=\"menu-item-3964\" class=\"menu-item menu-item-type-post_type menu-item-object-page menu-item-3964\"><a href=\"https:\/\/ikincielesyaalis.com\/en\/catalca-second-hand-goods\/\">Catalca Second Hand Goods<\/a><\/li>\n<li id=\"menu-item-3715\" class=\"menu-item menu-item-type-post_type menu-item-object-page menu-item-3715\"><a href=\"https:\/\/ikincielesyaalis.com\/en\/esenyurt-second-hand-goods\/\">Esenyurt Second Hand Goods<\/a><\/li>\n<li id=\"menu-item-3980\" class=\"menu-item menu-item-type-post_type menu-item-object-page menu-item-3980\"><a href=\"https:\/\/ikincielesyaalis.com\/en\/eyup-second-hand-goods\/\">Ey\u00fcp Second Hand Goods<\/a><\/li>\n<li id=\"menu-item-3981\" class=\"menu-item menu-item-type-post_type menu-item-object-page menu-item-3981\"><a href=\"https:\/\/ikincielesyaalis.com\/en\/fatih-second-hand-goods\/\">Fatih Second Hand Goods<\/a><\/li>\n<li id=\"menu-item-3983\" class=\"menu-item menu-item-type-post_type menu-item-object-page menu-item-3983\"><a href=\"https:\/\/ikincielesyaalis.com\/en\/gaziosmanpasa-second-hand-goods\/\">Gaziosmanpasa Second Hand Goods<\/a><\/li>\n<li id=\"menu-item-3984\" class=\"menu-item menu-item-type-post_type menu-item-object-page menu-item-3984\"><a href=\"https:\/\/ikincielesyaalis.com\/en\/gungoren-second-hand-goods\/\">Gungoren Second Hand Goods<\/a><\/li>\n<li id=\"menu-item-3985\" class=\"menu-item menu-item-type-post_type menu-item-object-page menu-item-3985\"><a href=\"https:\/\/ikincielesyaalis.com\/en\/kadikoy-second-hand-goods\/\">Kadikoy Second Hand Goods<\/a><\/li>\n<li id=\"menu-item-3986\" class=\"menu-item menu-item-type-post_type menu-item-object-page menu-item-3986\"><a href=\"https:\/\/ikincielesyaalis.com\/en\/kagithane-second-hand-goods\/\">Second Hand Goods in Kagithane<\/a><\/li>\n<li id=\"menu-item-3721\" class=\"menu-item menu-item-type-post_type menu-item-object-page menu-item-3721\"><a href=\"https:\/\/ikincielesyaalis.com\/en\/kartal-second-hand-goods\/\">Kartal Second Hand Goods<\/a><\/li>\n<li id=\"menu-item-3988\" class=\"menu-item menu-item-type-post_type menu-item-object-page menu-item-3988\"><a href=\"https:\/\/ikincielesyaalis.com\/en\/kucukcekmece-second-hand-goods\/\">Kucukcekmece Second Hand Goods<\/a><\/li>\n<li id=\"menu-item-3722\" class=\"menu-item menu-item-type-post_type menu-item-object-page menu-item-3722\"><a href=\"https:\/\/ikincielesyaalis.com\/en\/maltepe-second-hand-goods\/\">Maltepe Second Hand Goods<\/a><\/li>\n<li id=\"menu-item-3723\" class=\"menu-item menu-item-type-post_type menu-item-object-page menu-item-3723\"><a href=\"https:\/\/ikincielesyaalis.com\/en\/sancaktepe-second-hand-goods\/\">Sancaktepe Second Hand Goods<\/a><\/li>\n<li id=\"menu-item-3724\" class=\"menu-item menu-item-type-post_type menu-item-object-page menu-item-3724\"><a href=\"https:\/\/ikincielesyaalis.com\/en\/sariyer-second-hand-goods\/\">Sar\u0131yer Second Hand Goods<\/a><\/li>\n<li id=\"menu-item-3725\" class=\"menu-item menu-item-type-post_type menu-item-object-page menu-item-3725\"><a href=\"https:\/\/ikincielesyaalis.com\/en\/sisli-second-hand-goods\/\">Sisli Second Hand Goods<\/a><\/li>\n<\/ul><\/div><\/div>\t\t<\/div>\n\t\t\t\t<\/div>\n\t\t\t\t\t<\/div>\n\t\t<\/div>\n\t\t\t\t\t<\/div>\n\t\t<\/section>\n\t\t\t\t<\/div>","protected":false},"excerpt":{"rendered":"<p>\u0130stanbul Anadolu yakas\u0131, Sar\u0131yer\u2019de bulunan ikinci el e\u015fya al\u0131m-sat\u0131m firmam\u0131z hizmetinizde. \u0130l\u00e7e civar\u0131ndan bulunan m\u00fc\u015fterilerimiz, ofislerine, evlerine ikinci el e\u015fya al\u0131m\u0131 ve sat\u0131m\u0131 yapabilirler.\u00a0\u00c7ama\u015f\u0131r makinesi,\u00a0Buzdolab\u0131,\u00a0Bula\u015f\u0131k makinesi,\u00a0ocakl\u0131 f\u0131r\u0131n ve\u00a0Koltuk Tak\u0131m\u0131, Yemek odas\u0131, Baza yatak, Yatak odas\u0131\u00a0gibi e\u015fyalar\u0131n al\u0131m ve sat\u0131m\u0131n\u0131 yapmaktay\u0131z. E\u015fya al\u0131m\u0131 yapacaklar\u0131n hayalinde ki her t\u00fcrl\u00fc e\u015fyay\u0131 uygun fiyatlar ile sunmaktay\u0131z. Al\u0131m-sat\u0131m i\u00e7in bizimle\u00a0ileti\u015fime\u00a0ge\u00e7in. [&hellip;]<\/p>","protected":false},"author":1,"featured_media":0,"parent":0,"menu_order":0,"comment_status":"closed","ping_status":"closed","template":"","meta":{"_acf_changed":false,"footnotes":""},"class_list":["post-3838","page","type-page","status-publish","hentry"],"acf":[],"_links":{"self":[{"href":"https:\/\/ikincielesyaalis.com\/en\/wp-json\/wp\/v2\/pages\/3838","targetHints":{"allow":["GET"]}}],"collection":[{"href":"https:\/\/ikincielesyaalis.com\/en\/wp-json\/wp\/v2\/pages"}],"about":[{"href":"https:\/\/ikincielesyaalis.com\/en\/wp-json\/wp\/v2\/types\/page"}],"author":[{"embeddable":true,"href":"https:\/\/ikincielesyaalis.com\/en\/wp-json\/wp\/v2\/users\/1"}],"replies":[{"embeddable":true,"href":"https:\/\/ikincielesyaalis.com\/en\/wp-json\/wp\/v2\/comments?post=3838"}],"version-history":[{"count":0,"href":"https:\/\/ikincielesyaalis.com\/en\/wp-json\/wp\/v2\/pages\/3838\/revisions"}],"wp:attachment":[{"href":"https:\/\/ikincielesyaalis.com\/en\/wp-json\/wp\/v2\/media?parent=3838"}],"curies":[{"name":"wp","href":"https:\/\/api.w.org\/{rel}","templated":true}]}}