{"id":3952,"date":"2022-06-29T13:12:30","date_gmt":"2022-06-29T13:12:30","guid":{"rendered":"https:\/\/ikincielesyaalis.com\/?page_id=3952"},"modified":"2022-06-29T13:20:02","modified_gmt":"2022-06-29T13:20:02","slug":"second-hand-white-goods","status":"publish","type":"page","link":"https:\/\/ikincielesyaalis.com\/en\/second-hand-white-goods\/","title":{"rendered":"Second Hand White Goods"},"content":{"rendered":"<div data-elementor-type=\"wp-page\" data-elementor-id=\"3952\" class=\"elementor elementor-3952\">\n\t\t\t\t\t\t<section class=\"elementor-section elementor-top-section elementor-element elementor-element-c75922b yazikapsa elementor-section-boxed elementor-section-height-default elementor-section-height-default\" data-id=\"c75922b\" data-element_type=\"section\">\n\t\t\t\t\t\t<div class=\"elementor-container elementor-column-gap-default\">\n\t\t\t\t\t<div class=\"elementor-column elementor-col-50 elementor-top-column elementor-element elementor-element-edcb28b\" data-id=\"edcb28b\" data-element_type=\"column\">\n\t\t\t<div class=\"elementor-widget-wrap elementor-element-populated\">\n\t\t\t\t\t\t<div class=\"elementor-element elementor-element-0998dd7 elementor-widget elementor-widget-text-editor\" data-id=\"0998dd7\" data-element_type=\"widget\" data-widget_type=\"text-editor.default\">\n\t\t\t\t<div class=\"elementor-widget-container\">\n\t\t\t<style>\/*! elementor - v3.21.0 - 26-05-2024 *\/\n.elementor-widget-text-editor.elementor-drop-cap-view-stacked .elementor-drop-cap{background-color:#69727d;color:#fff}.elementor-widget-text-editor.elementor-drop-cap-view-framed .elementor-drop-cap{color:#69727d;border:3px solid;background-color:transparent}.elementor-widget-text-editor:not(.elementor-drop-cap-view-default) .elementor-drop-cap{margin-top:8px}.elementor-widget-text-editor:not(.elementor-drop-cap-view-default) .elementor-drop-cap-letter{width:1em;height:1em}.elementor-widget-text-editor .elementor-drop-cap{float:left;text-align:center;line-height:1;font-size:50px}.elementor-widget-text-editor .elementor-drop-cap-letter{display:inline-block}<\/style>\t\t\t\t<p><img fetchpriority=\"high\" decoding=\"async\" class=\"alignnone wp-image-3965 size-full\" src=\"https:\/\/ikincielesyaalis.com\/wp-content\/uploads\/2022\/06\/ikinci-el-beyaz-esya.jpg\" alt=\"Second Hand White Goods\" width=\"863\" height=\"352\" srcset=\"https:\/\/ikincielesyaalis.com\/wp-content\/uploads\/2022\/06\/ikinci-el-beyaz-esya.jpg 863w, https:\/\/ikincielesyaalis.com\/wp-content\/uploads\/2022\/06\/ikinci-el-beyaz-esya-300x122.jpg 300w, https:\/\/ikincielesyaalis.com\/wp-content\/uploads\/2022\/06\/ikinci-el-beyaz-esya-768x313.jpg 768w\" sizes=\"(max-width: 863px) 100vw, 863px\" \/><\/p><h2><strong>How Should Second Hand White Goods Be?<\/strong><\/h2><p>When buying white goods from you, the first point we pay attention to is that your second-hand white goods are in working condition. It is not possible for us to prefer any second-hand white goods that do not work. Because buying and repairing second-hand white goods and then presenting them to our customers as an original white goods does not comply with our understanding of trade. It is impossible to get the old efficiency from a repaired white goods.<\/p><p>Another factor that is as important as the fact that the white goods you intend to evaluate should work is that they should be clean. Your white goods may be a 10-year-old white goods, but if it is clean, it may be preferred. You can also appreciate that no one will prefer second-hand white goods products that are in dirt rust and yellowed.<\/p><p>It is also very important that a white goods does not have any missing parts. If there is a missing part in the buttons, covers, interior parts, it makes us hesitate to buy your white goods.<\/p><p><strong>We deliver your white goods from the Anatolian and European sides of Istanbul. We work with you with our reliable and affordable service.<\/strong><\/p>\t\t\t\t\t\t<\/div>\n\t\t\t\t<\/div>\n\t\t\t\t\t<\/div>\n\t\t<\/div>\n\t\t\t\t<div class=\"elementor-column elementor-col-50 elementor-top-column elementor-element elementor-element-153fda5 yazikapsasag\" data-id=\"153fda5\" data-element_type=\"column\">\n\t\t\t<div class=\"elementor-widget-wrap elementor-element-populated\">\n\t\t\t\t\t\t<div class=\"elementor-element elementor-element-599b53f elementor-widget elementor-widget-sidebar\" data-id=\"599b53f\" data-element_type=\"widget\" data-widget_type=\"sidebar.default\">\n\t\t\t\t<div class=\"elementor-widget-container\">\n\t\t\t<div class=\"services__widget grey-bg-20 mb-40 widget_nav_menu\"><div class=\"services__widget-title\"><h4>Products<\/h4><\/div><div class=\"menu-urunler-container\"><ul id=\"menu-urunler\" class=\"menu\"><li id=\"menu-item-3993\" class=\"menu-item menu-item-type-post_type menu-item-object-page menu-item-3993\"><a href=\"https:\/\/ikincielesyaalis.com\/en\/second-hand-white-goods\/\">Second Hand White Goods<\/a><\/li>\n<li id=\"menu-item-3994\" class=\"menu-item menu-item-type-post_type menu-item-object-page menu-item-3994\"><a href=\"https:\/\/ikincielesyaalis.com\/en\/second-hand-electronic-goods\/\">Second Hand Electronic Goods<\/a><\/li>\n<li id=\"menu-item-3995\" class=\"menu-item menu-item-type-post_type menu-item-object-page menu-item-3995\"><a href=\"https:\/\/ikincielesyaalis.com\/en\/second-hand-goods\/\">Second Hand Goods<\/a><\/li>\n<li id=\"menu-item-3364\" class=\"menu-item menu-item-type-custom menu-item-object-custom menu-item-3364\"><a href=\"https:\/\/ikincielesyaalis.com\/en\/second-hand-furniture-buyers\/\">Second Hand Goods Spotters<\/a><\/li>\n<li id=\"menu-item-3996\" class=\"menu-item menu-item-type-post_type menu-item-object-page menu-item-3996\"><a href=\"https:\/\/ikincielesyaalis.com\/en\/second-hand-sofa-set\/\">Second Hand Sofa Set<\/a><\/li>\n<li id=\"menu-item-4034\" class=\"menu-item menu-item-type-post_type menu-item-object-page menu-item-4034\"><a href=\"https:\/\/ikincielesyaalis.com\/en\/second-hand-lcd-tv\/\">Second Hand Lcd Tv<\/a><\/li>\n<li id=\"menu-item-4033\" class=\"menu-item menu-item-type-post_type menu-item-object-page menu-item-4033\"><a href=\"https:\/\/ikincielesyaalis.com\/en\/second-hand-furniture\/\">Second Hand Furniture<\/a><\/li>\n<li id=\"menu-item-4032\" class=\"menu-item menu-item-type-post_type menu-item-object-page menu-item-4032\"><a href=\"https:\/\/ikincielesyaalis.com\/en\/second-hand-bedroom-set\/\">Second Hand Bedroom Set<\/a><\/li>\n<\/ul><\/div><\/div><div class=\"services__widget grey-bg-20 mb-40 widget_nav_menu\"><div class=\"services__widget-title\"><h4>Regions<\/h4><\/div><div class=\"menu-bolgeler-container\"><ul id=\"menu-bolgeler\" class=\"menu\"><li id=\"menu-item-3698\" class=\"menu-item menu-item-type-post_type menu-item-object-page menu-item-3698\"><a href=\"https:\/\/ikincielesyaalis.com\/en\/arnavutkoy-second-hand-goods\/\">Arnavutkoy Second Hand Goods<\/a><\/li>\n<li id=\"menu-item-3962\" class=\"menu-item menu-item-type-post_type menu-item-object-page menu-item-3962\"><a href=\"https:\/\/ikincielesyaalis.com\/en\/atasehir-second-hand-goods\/\">Atasehir Second Hand Goods<\/a><\/li>\n<li id=\"menu-item-3699\" class=\"menu-item menu-item-type-post_type menu-item-object-page menu-item-3699\"><a href=\"https:\/\/ikincielesyaalis.com\/en\/avcilar-second-hand-goods\/\">Avcilar Second Hand Goods<\/a><\/li>\n<li id=\"menu-item-3700\" class=\"menu-item menu-item-type-post_type menu-item-object-page menu-item-3700\"><a href=\"https:\/\/ikincielesyaalis.com\/en\/bagcilar-second-hand-goods\/\">Bagcilar Second Hand Goods<\/a><\/li>\n<li id=\"menu-item-3701\" class=\"menu-item menu-item-type-post_type menu-item-object-page menu-item-3701\"><a href=\"https:\/\/ikincielesyaalis.com\/en\/bahcelievler-second-hand-goods\/\">Bahcelievler Second Hand Goods<\/a><\/li>\n<li id=\"menu-item-3702\" class=\"menu-item menu-item-type-post_type menu-item-object-page menu-item-3702\"><a href=\"https:\/\/ikincielesyaalis.com\/en\/bakirkoy-second-hand-goods\/\">Bakirkoy Second Hand Goods<\/a><\/li>\n<li id=\"menu-item-3703\" class=\"menu-item menu-item-type-post_type menu-item-object-page menu-item-3703\"><a href=\"https:\/\/ikincielesyaalis.com\/en\/basaksehir-second-hand-goods\/\">Ba\u015fak\u015fehir Second Hand Goods<\/a><\/li>\n<li id=\"menu-item-3704\" class=\"menu-item menu-item-type-post_type menu-item-object-page menu-item-3704\"><a href=\"https:\/\/ikincielesyaalis.com\/en\/second-hand-goods-in-bayrampasa\/\">Bayrampasa Second Hand Goods<\/a><\/li>\n<li id=\"menu-item-3706\" class=\"menu-item menu-item-type-post_type menu-item-object-page menu-item-3706\"><a href=\"https:\/\/ikincielesyaalis.com\/en\/besiktas-second-hand-furniture\/\">Be\u015fikta\u015f Second Hand Goods<\/a><\/li>\n<li id=\"menu-item-3710\" class=\"menu-item menu-item-type-post_type menu-item-object-page menu-item-3710\"><a href=\"https:\/\/ikincielesyaalis.com\/en\/beykoz-second-hand-goods\/\">Beykoz Second Hand Goods<\/a><\/li>\n<li id=\"menu-item-3711\" class=\"menu-item menu-item-type-post_type menu-item-object-page menu-item-3711\"><a href=\"https:\/\/ikincielesyaalis.com\/en\/beylikduzu-second-hand-goods\/\">Beylikduzu Second Hand Goods<\/a><\/li>\n<li id=\"menu-item-3963\" class=\"menu-item menu-item-type-post_type menu-item-object-page menu-item-3963\"><a href=\"https:\/\/ikincielesyaalis.com\/en\/beyoglu-second-hand-goods\/\">Beyoglu Second Hand Goods<\/a><\/li>\n<li id=\"menu-item-3713\" class=\"menu-item menu-item-type-post_type menu-item-object-page menu-item-3713\"><a href=\"https:\/\/ikincielesyaalis.com\/en\/buyukcekmece-second-hand-goods\/\">Buyukcekmece Second Hand Goods<\/a><\/li>\n<li id=\"menu-item-3964\" class=\"menu-item menu-item-type-post_type menu-item-object-page menu-item-3964\"><a href=\"https:\/\/ikincielesyaalis.com\/en\/catalca-second-hand-goods\/\">Catalca Second Hand Goods<\/a><\/li>\n<li id=\"menu-item-3715\" class=\"menu-item menu-item-type-post_type menu-item-object-page menu-item-3715\"><a href=\"https:\/\/ikincielesyaalis.com\/en\/esenyurt-second-hand-goods\/\">Esenyurt Second Hand Goods<\/a><\/li>\n<li id=\"menu-item-3980\" class=\"menu-item menu-item-type-post_type menu-item-object-page menu-item-3980\"><a href=\"https:\/\/ikincielesyaalis.com\/en\/eyup-second-hand-goods\/\">Ey\u00fcp Second Hand Goods<\/a><\/li>\n<li id=\"menu-item-3981\" class=\"menu-item menu-item-type-post_type menu-item-object-page menu-item-3981\"><a href=\"https:\/\/ikincielesyaalis.com\/en\/fatih-second-hand-goods\/\">Fatih Second Hand Goods<\/a><\/li>\n<li id=\"menu-item-3983\" class=\"menu-item menu-item-type-post_type menu-item-object-page menu-item-3983\"><a href=\"https:\/\/ikincielesyaalis.com\/en\/gaziosmanpasa-second-hand-goods\/\">Gaziosmanpasa Second Hand Goods<\/a><\/li>\n<li id=\"menu-item-3984\" class=\"menu-item menu-item-type-post_type menu-item-object-page menu-item-3984\"><a href=\"https:\/\/ikincielesyaalis.com\/en\/gungoren-second-hand-goods\/\">Gungoren Second Hand Goods<\/a><\/li>\n<li id=\"menu-item-3985\" class=\"menu-item menu-item-type-post_type menu-item-object-page menu-item-3985\"><a href=\"https:\/\/ikincielesyaalis.com\/en\/kadikoy-second-hand-goods\/\">Kadikoy Second Hand Goods<\/a><\/li>\n<li id=\"menu-item-3986\" class=\"menu-item menu-item-type-post_type menu-item-object-page menu-item-3986\"><a href=\"https:\/\/ikincielesyaalis.com\/en\/kagithane-second-hand-goods\/\">Second Hand Goods in Kagithane<\/a><\/li>\n<li id=\"menu-item-3721\" class=\"menu-item menu-item-type-post_type menu-item-object-page menu-item-3721\"><a href=\"https:\/\/ikincielesyaalis.com\/en\/kartal-second-hand-goods\/\">Kartal Second Hand Goods<\/a><\/li>\n<li id=\"menu-item-3988\" class=\"menu-item menu-item-type-post_type menu-item-object-page menu-item-3988\"><a href=\"https:\/\/ikincielesyaalis.com\/en\/kucukcekmece-second-hand-goods\/\">Kucukcekmece Second Hand Goods<\/a><\/li>\n<li id=\"menu-item-3722\" class=\"menu-item menu-item-type-post_type menu-item-object-page menu-item-3722\"><a href=\"https:\/\/ikincielesyaalis.com\/en\/maltepe-second-hand-goods\/\">Maltepe Second Hand Goods<\/a><\/li>\n<li id=\"menu-item-3723\" class=\"menu-item menu-item-type-post_type menu-item-object-page menu-item-3723\"><a href=\"https:\/\/ikincielesyaalis.com\/en\/sancaktepe-second-hand-goods\/\">Sancaktepe Second Hand Goods<\/a><\/li>\n<li id=\"menu-item-3724\" class=\"menu-item menu-item-type-post_type menu-item-object-page menu-item-3724\"><a href=\"https:\/\/ikincielesyaalis.com\/en\/sariyer-second-hand-goods\/\">Sar\u0131yer Second Hand Goods<\/a><\/li>\n<li id=\"menu-item-3725\" class=\"menu-item menu-item-type-post_type menu-item-object-page menu-item-3725\"><a href=\"https:\/\/ikincielesyaalis.com\/en\/sisli-second-hand-goods\/\">Sisli Second Hand Goods<\/a><\/li>\n<\/ul><\/div><\/div>\t\t<\/div>\n\t\t\t\t<\/div>\n\t\t\t\t\t<\/div>\n\t\t<\/div>\n\t\t\t\t\t<\/div>\n\t\t<\/section>\n\t\t\t\t<\/div>","protected":false},"excerpt":{"rendered":"<p>\u0130stanbul Anadolu yakas\u0131, Kad\u0131k\u00f6y\u2019de bulunan ikinci el e\u015fya al\u0131m-sat\u0131m firmam\u0131z hizmetinizde. \u0130l\u00e7e civar\u0131ndan bulunan m\u00fc\u015fterilerimiz, ofislerine, evlerine ikinci el e\u015fya al\u0131m\u0131 ve sat\u0131m\u0131 yapabilirler.\u00a0\u00c7ama\u015f\u0131r makinesi,\u00a0Buzdolab\u0131,\u00a0Bula\u015f\u0131k makinesi,\u00a0ocakl\u0131 f\u0131r\u0131n ve\u00a0Koltuk Tak\u0131m\u0131, Yemek odas\u0131, Baza yatak, Yatak odas\u0131\u00a0gibi e\u015fyalar\u0131n al\u0131m ve sat\u0131m\u0131n\u0131 yapmaktay\u0131z.\u00a0\u0130kinci el e\u015fyalar\u0131n\u0131z\u0131n sat\u0131\u015f\u0131n\u0131 de\u011ferinde fiyata yapmak i\u00e7in bizimle\u00a0ileti\u015fime\u00a0ge\u00e7in. \u0130kinci El Al\u0131m Yapt\u0131\u011f\u0131m\u0131z E\u015fyalar; \u0130kinci el [&hellip;]<\/p>","protected":false},"author":1,"featured_media":0,"parent":0,"menu_order":0,"comment_status":"closed","ping_status":"closed","template":"","meta":{"_acf_changed":false,"footnotes":""},"class_list":["post-3952","page","type-page","status-publish","hentry"],"acf":[],"_links":{"self":[{"href":"https:\/\/ikincielesyaalis.com\/en\/wp-json\/wp\/v2\/pages\/3952","targetHints":{"allow":["GET"]}}],"collection":[{"href":"https:\/\/ikincielesyaalis.com\/en\/wp-json\/wp\/v2\/pages"}],"about":[{"href":"https:\/\/ikincielesyaalis.com\/en\/wp-json\/wp\/v2\/types\/page"}],"author":[{"embeddable":true,"href":"https:\/\/ikincielesyaalis.com\/en\/wp-json\/wp\/v2\/users\/1"}],"replies":[{"embeddable":true,"href":"https:\/\/ikincielesyaalis.com\/en\/wp-json\/wp\/v2\/comments?post=3952"}],"version-history":[{"count":0,"href":"https:\/\/ikincielesyaalis.com\/en\/wp-json\/wp\/v2\/pages\/3952\/revisions"}],"wp:attachment":[{"href":"https:\/\/ikincielesyaalis.com\/en\/wp-json\/wp\/v2\/media?parent=3952"}],"curies":[{"name":"wp","href":"https:\/\/api.w.org\/{rel}","templated":true}]}}