{"id":4067,"date":"2022-06-30T07:21:06","date_gmt":"2022-06-30T07:21:06","guid":{"rendered":"https:\/\/ikincielesyaalis.com\/?page_id=4067"},"modified":"2022-06-30T07:21:33","modified_gmt":"2022-06-30T07:21:33","slug":"privacy-policy","status":"publish","type":"page","link":"https:\/\/ikincielesyaalis.com\/en\/privacy-policy\/","title":{"rendered":"Privacy Policy"},"content":{"rendered":"<div data-elementor-type=\"wp-page\" data-elementor-id=\"4067\" class=\"elementor elementor-4067\">\n\t\t\t\t\t\t<section class=\"elementor-section elementor-top-section elementor-element elementor-element-c75922b yazikapsa elementor-section-boxed elementor-section-height-default elementor-section-height-default\" data-id=\"c75922b\" data-element_type=\"section\">\n\t\t\t\t\t\t<div class=\"elementor-container elementor-column-gap-default\">\n\t\t\t\t\t<div class=\"elementor-column elementor-col-50 elementor-top-column elementor-element elementor-element-edcb28b\" data-id=\"edcb28b\" data-element_type=\"column\">\n\t\t\t<div class=\"elementor-widget-wrap elementor-element-populated\">\n\t\t\t\t\t\t<div class=\"elementor-element elementor-element-0998dd7 elementor-widget elementor-widget-text-editor\" data-id=\"0998dd7\" data-element_type=\"widget\" data-widget_type=\"text-editor.default\">\n\t\t\t\t<div class=\"elementor-widget-container\">\n\t\t\t<style>\/*! elementor - v3.21.0 - 26-05-2024 *\/\n.elementor-widget-text-editor.elementor-drop-cap-view-stacked .elementor-drop-cap{background-color:#69727d;color:#fff}.elementor-widget-text-editor.elementor-drop-cap-view-framed .elementor-drop-cap{color:#69727d;border:3px solid;background-color:transparent}.elementor-widget-text-editor:not(.elementor-drop-cap-view-default) .elementor-drop-cap{margin-top:8px}.elementor-widget-text-editor:not(.elementor-drop-cap-view-default) .elementor-drop-cap-letter{width:1em;height:1em}.elementor-widget-text-editor .elementor-drop-cap{float:left;text-align:center;line-height:1;font-size:50px}.elementor-widget-text-editor .elementor-drop-cap-letter{display:inline-block}<\/style>\t\t\t\t<h2>Who we are<\/h2><p>Our website address is: https:\/\/ikincielesyaalis.com\/\u00a0<\/p><p>\u00a0<\/p><h2>What personal information we collect and for what purpose<\/h2><p>\u00a0<\/p><p>\u00a0<\/p><h3>Comments<\/h3><p>When visitors leave comments on the site, we collect the data shown in the comment form, as well as the visitor's IP address and browser information text to help detect unwanted comments.<\/p><p>An anonymized text generated from your email address (also called a hash) may be provided to the Gravatar service to see if you are using the service. The privacy policy of the Gravatar service is at: https:\/\/automattic.com\/privacy\/. After approval of your comment, your profile picture will be publicly visible along with your comment.<\/p><p>\u00a0<\/p><h3>Environment<\/h3><p>If you upload images to the website, you should avoid uploading images with embedded location data (EXIF GPS). Website visitors can download and extract any location information from images on the website.<\/p><p>\u00a0<\/p><h3>Contact forms<\/h3><p>\u00a0<\/p><p>\u00a0<\/p><h3>Cookies<\/h3><p>If you leave a comment on our site, you can choose to save your name, email address and website in cookies. These are for your convenience so that you do not have to fill in your details again when you leave another comment. These cookies remain for one year.<\/p><p>If you have an account and log in to this site, we will set a temporary cookie to determine whether your browser accepts cookies. This cookie contains no personal data and is discarded when you close your browser.<\/p><p>When you log in, we will save a few cookies to save your login details and your screen display selection. Login cookies remain for two days and screen options cookies for one year. If you select the \u201cRemember me\u201d option, your login will persist for two weeks. If you log out of your account, the login cookies will be removed.<\/p><p>If you edit or publish an article, an additional cookie is stored in your browser. This cookie contains no personal data and only indicates the post ID of the article you edited. Expires after 1 day.<\/p><p>\u00a0<\/p><h3>Embedded content from other sites<\/h3><p>Articles on this site may contain embedded content (e.g. videos, images, articles, etc.). Content embedded from other websites behaves in exactly the same way as if the visitor had visited the other website.<\/p><p>These websites may collect data about you, use cookies, track embedded by a third party, and track your interaction with that embedded content, including tracking your interaction with embedded content if you have an account and are logged in to that website.<\/p><p>\u00a0<\/p><h3>Analysis<\/h3><p>\u00a0<\/p><p>\u00a0<\/p><h2>Who we share your data with<\/h2><p>\u00a0<\/p><p>\u00a0<\/p><h2>How long we keep your data<\/h2><p>If you leave a comment, the comment and its metadata are stored indefinitely. This way, we can automatically recognize and approve your follow-up comments instead of keeping them in the moderation queue.<\/p><p>For users who register on our website, we also store the personal information they provide in their user profile (if any). All users can view, edit or delete their personal information at any time (except for changing username). Website administrators may also view and edit this information.<\/p><p>\u00a0<\/p><h2>What are your rights over your data<\/h2><p>If you have an account or comments on this site, you can request to receive an exported file of the personal data we hold about you, including any data you have provided to us. You can also ask to delete any personal data we hold about you. This does not include any data that we have to comply with for administrative, legal or security purposes.<\/p><p>\u00a0<\/p><h2>Where we send your data<\/h2><p>Visitor comments can be checked through an automated spam detection service.<\/p><p>\u00a0<\/p><h2>Your contact details<\/h2><p>\u00a0<\/p><p>\u00a0<\/p><h2>Additional information<\/h2><p>\u00a0<\/p><h3>How we protect your data<\/h3><p>\u00a0<\/p><h3>What data breach procedures we have<\/h3><p>\u00a0<\/p><h3>Which third parties we receive data from<\/h3><p>\u00a0<\/p><h3>What type of automated decision-making and\/or profiling do we do with user data?<\/h3><p>\u00a0<\/p><h3>Ministry of Industry public disclosure obligation<\/h3>\t\t\t\t\t\t<\/div>\n\t\t\t\t<\/div>\n\t\t\t\t\t<\/div>\n\t\t<\/div>\n\t\t\t\t<div class=\"elementor-column elementor-col-50 elementor-top-column elementor-element elementor-element-153fda5 yazikapsasag\" data-id=\"153fda5\" data-element_type=\"column\">\n\t\t\t<div class=\"elementor-widget-wrap elementor-element-populated\">\n\t\t\t\t\t\t<div class=\"elementor-element elementor-element-599b53f elementor-widget elementor-widget-sidebar\" data-id=\"599b53f\" data-element_type=\"widget\" data-widget_type=\"sidebar.default\">\n\t\t\t\t<div class=\"elementor-widget-container\">\n\t\t\t<div class=\"services__widget grey-bg-20 mb-40 widget_nav_menu\"><div class=\"services__widget-title\"><h4>Products<\/h4><\/div><div class=\"menu-urunler-container\"><ul id=\"menu-urunler\" class=\"menu\"><li id=\"menu-item-3993\" class=\"menu-item menu-item-type-post_type menu-item-object-page menu-item-3993\"><a href=\"https:\/\/ikincielesyaalis.com\/en\/second-hand-white-goods\/\">Second Hand White Goods<\/a><\/li>\n<li id=\"menu-item-3994\" class=\"menu-item menu-item-type-post_type menu-item-object-page menu-item-3994\"><a href=\"https:\/\/ikincielesyaalis.com\/en\/second-hand-electronic-goods\/\">Second Hand Electronic Goods<\/a><\/li>\n<li id=\"menu-item-3995\" class=\"menu-item menu-item-type-post_type menu-item-object-page menu-item-3995\"><a href=\"https:\/\/ikincielesyaalis.com\/en\/second-hand-goods\/\">Second Hand Goods<\/a><\/li>\n<li id=\"menu-item-3364\" class=\"menu-item menu-item-type-custom menu-item-object-custom menu-item-3364\"><a href=\"https:\/\/ikincielesyaalis.com\/en\/second-hand-furniture-buyers\/\">Second Hand Goods Spotters<\/a><\/li>\n<li id=\"menu-item-3996\" class=\"menu-item menu-item-type-post_type menu-item-object-page menu-item-3996\"><a href=\"https:\/\/ikincielesyaalis.com\/en\/second-hand-sofa-set\/\">Second Hand Sofa Set<\/a><\/li>\n<li id=\"menu-item-4034\" class=\"menu-item menu-item-type-post_type menu-item-object-page menu-item-4034\"><a href=\"https:\/\/ikincielesyaalis.com\/en\/second-hand-lcd-tv\/\">Second Hand Lcd Tv<\/a><\/li>\n<li id=\"menu-item-4033\" class=\"menu-item menu-item-type-post_type menu-item-object-page menu-item-4033\"><a href=\"https:\/\/ikincielesyaalis.com\/en\/second-hand-furniture\/\">Second Hand Furniture<\/a><\/li>\n<li id=\"menu-item-4032\" class=\"menu-item menu-item-type-post_type menu-item-object-page menu-item-4032\"><a href=\"https:\/\/ikincielesyaalis.com\/en\/second-hand-bedroom-set\/\">Second Hand Bedroom Set<\/a><\/li>\n<\/ul><\/div><\/div><div class=\"services__widget grey-bg-20 mb-40 widget_nav_menu\"><div class=\"services__widget-title\"><h4>Regions<\/h4><\/div><div class=\"menu-bolgeler-container\"><ul id=\"menu-bolgeler\" class=\"menu\"><li id=\"menu-item-3698\" class=\"menu-item menu-item-type-post_type menu-item-object-page menu-item-3698\"><a href=\"https:\/\/ikincielesyaalis.com\/en\/arnavutkoy-second-hand-goods\/\">Arnavutkoy Second Hand Goods<\/a><\/li>\n<li id=\"menu-item-3962\" class=\"menu-item menu-item-type-post_type menu-item-object-page menu-item-3962\"><a href=\"https:\/\/ikincielesyaalis.com\/en\/atasehir-second-hand-goods\/\">Atasehir Second Hand Goods<\/a><\/li>\n<li id=\"menu-item-3699\" class=\"menu-item menu-item-type-post_type menu-item-object-page menu-item-3699\"><a href=\"https:\/\/ikincielesyaalis.com\/en\/avcilar-second-hand-goods\/\">Avcilar Second Hand Goods<\/a><\/li>\n<li id=\"menu-item-3700\" class=\"menu-item menu-item-type-post_type menu-item-object-page menu-item-3700\"><a href=\"https:\/\/ikincielesyaalis.com\/en\/bagcilar-second-hand-goods\/\">Bagcilar Second Hand Goods<\/a><\/li>\n<li id=\"menu-item-3701\" class=\"menu-item menu-item-type-post_type menu-item-object-page menu-item-3701\"><a href=\"https:\/\/ikincielesyaalis.com\/en\/bahcelievler-second-hand-goods\/\">Bahcelievler Second Hand Goods<\/a><\/li>\n<li id=\"menu-item-3702\" class=\"menu-item menu-item-type-post_type menu-item-object-page menu-item-3702\"><a href=\"https:\/\/ikincielesyaalis.com\/en\/bakirkoy-second-hand-goods\/\">Bakirkoy Second Hand Goods<\/a><\/li>\n<li id=\"menu-item-3703\" class=\"menu-item menu-item-type-post_type menu-item-object-page menu-item-3703\"><a href=\"https:\/\/ikincielesyaalis.com\/en\/basaksehir-second-hand-goods\/\">Ba\u015fak\u015fehir Second Hand Goods<\/a><\/li>\n<li id=\"menu-item-3704\" class=\"menu-item menu-item-type-post_type menu-item-object-page menu-item-3704\"><a href=\"https:\/\/ikincielesyaalis.com\/en\/second-hand-goods-in-bayrampasa\/\">Bayrampasa Second Hand Goods<\/a><\/li>\n<li id=\"menu-item-3706\" class=\"menu-item menu-item-type-post_type menu-item-object-page menu-item-3706\"><a href=\"https:\/\/ikincielesyaalis.com\/en\/besiktas-second-hand-furniture\/\">Be\u015fikta\u015f Second Hand Goods<\/a><\/li>\n<li id=\"menu-item-3710\" class=\"menu-item menu-item-type-post_type menu-item-object-page menu-item-3710\"><a href=\"https:\/\/ikincielesyaalis.com\/en\/beykoz-second-hand-goods\/\">Beykoz Second Hand Goods<\/a><\/li>\n<li id=\"menu-item-3711\" class=\"menu-item menu-item-type-post_type menu-item-object-page menu-item-3711\"><a href=\"https:\/\/ikincielesyaalis.com\/en\/beylikduzu-second-hand-goods\/\">Beylikduzu Second Hand Goods<\/a><\/li>\n<li id=\"menu-item-3963\" class=\"menu-item menu-item-type-post_type menu-item-object-page menu-item-3963\"><a href=\"https:\/\/ikincielesyaalis.com\/en\/beyoglu-second-hand-goods\/\">Beyoglu Second Hand Goods<\/a><\/li>\n<li id=\"menu-item-3713\" class=\"menu-item menu-item-type-post_type menu-item-object-page menu-item-3713\"><a href=\"https:\/\/ikincielesyaalis.com\/en\/buyukcekmece-second-hand-goods\/\">Buyukcekmece Second Hand Goods<\/a><\/li>\n<li id=\"menu-item-3964\" class=\"menu-item menu-item-type-post_type menu-item-object-page menu-item-3964\"><a href=\"https:\/\/ikincielesyaalis.com\/en\/catalca-second-hand-goods\/\">Catalca Second Hand Goods<\/a><\/li>\n<li id=\"menu-item-3715\" class=\"menu-item menu-item-type-post_type menu-item-object-page menu-item-3715\"><a href=\"https:\/\/ikincielesyaalis.com\/en\/esenyurt-second-hand-goods\/\">Esenyurt Second Hand Goods<\/a><\/li>\n<li id=\"menu-item-3980\" class=\"menu-item menu-item-type-post_type menu-item-object-page menu-item-3980\"><a href=\"https:\/\/ikincielesyaalis.com\/en\/eyup-second-hand-goods\/\">Ey\u00fcp Second Hand Goods<\/a><\/li>\n<li id=\"menu-item-3981\" class=\"menu-item menu-item-type-post_type menu-item-object-page menu-item-3981\"><a href=\"https:\/\/ikincielesyaalis.com\/en\/fatih-second-hand-goods\/\">Fatih Second Hand Goods<\/a><\/li>\n<li id=\"menu-item-3983\" class=\"menu-item menu-item-type-post_type menu-item-object-page menu-item-3983\"><a href=\"https:\/\/ikincielesyaalis.com\/en\/gaziosmanpasa-second-hand-goods\/\">Gaziosmanpasa Second Hand Goods<\/a><\/li>\n<li id=\"menu-item-3984\" class=\"menu-item menu-item-type-post_type menu-item-object-page menu-item-3984\"><a href=\"https:\/\/ikincielesyaalis.com\/en\/gungoren-second-hand-goods\/\">Gungoren Second Hand Goods<\/a><\/li>\n<li id=\"menu-item-3985\" class=\"menu-item menu-item-type-post_type menu-item-object-page menu-item-3985\"><a href=\"https:\/\/ikincielesyaalis.com\/en\/kadikoy-second-hand-goods\/\">Kadikoy Second Hand Goods<\/a><\/li>\n<li id=\"menu-item-3986\" class=\"menu-item menu-item-type-post_type menu-item-object-page menu-item-3986\"><a href=\"https:\/\/ikincielesyaalis.com\/en\/kagithane-second-hand-goods\/\">Second Hand Goods in Kagithane<\/a><\/li>\n<li id=\"menu-item-3721\" class=\"menu-item menu-item-type-post_type menu-item-object-page menu-item-3721\"><a href=\"https:\/\/ikincielesyaalis.com\/en\/kartal-second-hand-goods\/\">Kartal Second Hand Goods<\/a><\/li>\n<li id=\"menu-item-3988\" class=\"menu-item menu-item-type-post_type menu-item-object-page menu-item-3988\"><a href=\"https:\/\/ikincielesyaalis.com\/en\/kucukcekmece-second-hand-goods\/\">Kucukcekmece Second Hand Goods<\/a><\/li>\n<li id=\"menu-item-3722\" class=\"menu-item menu-item-type-post_type menu-item-object-page menu-item-3722\"><a href=\"https:\/\/ikincielesyaalis.com\/en\/maltepe-second-hand-goods\/\">Maltepe Second Hand Goods<\/a><\/li>\n<li id=\"menu-item-3723\" class=\"menu-item menu-item-type-post_type menu-item-object-page menu-item-3723\"><a href=\"https:\/\/ikincielesyaalis.com\/en\/sancaktepe-second-hand-goods\/\">Sancaktepe Second Hand Goods<\/a><\/li>\n<li id=\"menu-item-3724\" class=\"menu-item menu-item-type-post_type menu-item-object-page menu-item-3724\"><a href=\"https:\/\/ikincielesyaalis.com\/en\/sariyer-second-hand-goods\/\">Sar\u0131yer Second Hand Goods<\/a><\/li>\n<li id=\"menu-item-3725\" class=\"menu-item menu-item-type-post_type menu-item-object-page menu-item-3725\"><a href=\"https:\/\/ikincielesyaalis.com\/en\/sisli-second-hand-goods\/\">Sisli Second Hand Goods<\/a><\/li>\n<\/ul><\/div><\/div>\t\t<\/div>\n\t\t\t\t<\/div>\n\t\t\t\t\t<\/div>\n\t\t<\/div>\n\t\t\t\t\t<\/div>\n\t\t<\/section>\n\t\t\t\t<\/div>","protected":false},"excerpt":{"rendered":"<p>\u0130stanbul Avrupa yakas\u0131, Arnavutk\u00f6y\u2019de bulunan ikinci el e\u015fya al\u0131m firmam\u0131z hizmetinizde.\u00a0\u00c7ama\u015f\u0131r makinesi,\u00a0Buzdolab\u0131,\u00a0Bula\u015f\u0131k makinesi,\u00a0ocakl\u0131 f\u0131r\u0131n ve\u00a0Koltuk Tak\u0131m\u0131, Yemek odas\u0131, Baza yatak, Yatak odas\u0131\u00a0gibi e\u015fyalar\u0131n al\u0131m\u0131 yapmaktay\u0131z. E\u015fya sat\u0131m\u0131 yapacaklar\u0131 i\u00e7in t\u00fcm e\u015fyalar\u0131 de\u011ferinde sat\u0131n al\u0131yoruz. \u0130kinci El Al\u0131m Yapt\u0131\u011f\u0131m\u0131z E\u015fyalar; \u0130kinci el ofis e\u015fyalar\u0131 \u0130kinci el beyaz e\u015fyalar\u0131 \u0130kinci el elektronik e\u015fya \u0130kinci el yatak odas\u0131 [&hellip;]<\/p>","protected":false},"author":1,"featured_media":0,"parent":0,"menu_order":0,"comment_status":"closed","ping_status":"closed","template":"elementor_header_footer","meta":{"_acf_changed":false,"footnotes":""},"class_list":["post-4067","page","type-page","status-publish","hentry"],"acf":[],"_links":{"self":[{"href":"https:\/\/ikincielesyaalis.com\/en\/wp-json\/wp\/v2\/pages\/4067","targetHints":{"allow":["GET"]}}],"collection":[{"href":"https:\/\/ikincielesyaalis.com\/en\/wp-json\/wp\/v2\/pages"}],"about":[{"href":"https:\/\/ikincielesyaalis.com\/en\/wp-json\/wp\/v2\/types\/page"}],"author":[{"embeddable":true,"href":"https:\/\/ikincielesyaalis.com\/en\/wp-json\/wp\/v2\/users\/1"}],"replies":[{"embeddable":true,"href":"https:\/\/ikincielesyaalis.com\/en\/wp-json\/wp\/v2\/comments?post=4067"}],"version-history":[{"count":0,"href":"https:\/\/ikincielesyaalis.com\/en\/wp-json\/wp\/v2\/pages\/4067\/revisions"}],"wp:attachment":[{"href":"https:\/\/ikincielesyaalis.com\/en\/wp-json\/wp\/v2\/media?parent=4067"}],"curies":[{"name":"wp","href":"https:\/\/api.w.org\/{rel}","templated":true}]}}